{"id":44,"date":"2024-02-15T16:22:37","date_gmt":"2024-02-15T15:22:37","guid":{"rendered":"https:\/\/bhconsulting76.com\/?page_id=44"},"modified":"2024-03-20T17:24:45","modified_gmt":"2024-03-20T16:24:45","slug":"ressources","status":"publish","type":"page","link":"https:\/\/bhconsulting76.com\/index.php\/ressources\/","title":{"rendered":"Ressources"},"content":{"rendered":"\t\t<div data-elementor-type=\"wp-page\" data-elementor-id=\"44\" class=\"elementor elementor-44\" data-elementor-post-type=\"page\">\n\t\t\t\t<div class=\"elementor-element elementor-element-492f4c12 e-flex e-con-boxed e-con e-parent\" data-id=\"492f4c12\" data-element_type=\"container\" data-e-type=\"container\" data-settings=\"{&quot;background_background&quot;:&quot;classic&quot;}\">\n\t\t\t\t\t<div class=\"e-con-inner\">\n\t\t<div class=\"elementor-element elementor-element-3cdc7379 e-flex e-con-boxed e-con e-child\" data-id=\"3cdc7379\" data-element_type=\"container\" data-e-type=\"container\">\n\t\t\t\t\t<div class=\"e-con-inner\">\n\t\t\t\t<div class=\"elementor-element elementor-element-228f35e0 elementor-widget elementor-widget-heading\" data-id=\"228f35e0\" data-element_type=\"widget\" data-e-type=\"widget\" data-widget_type=\"heading.default\">\n\t\t\t\t<div class=\"elementor-widget-container\">\n\t\t\t\t\t<h1 class=\"elementor-heading-title elementor-size-default\">Blog<\/h1>\t\t\t\t<\/div>\n\t\t\t\t<\/div>\n\t\t\t\t<div class=\"elementor-element elementor-element-28825c5d elementor-widget__width-inherit elementor-widget-mobile__width-initial elementor-widget elementor-widget-text-editor\" data-id=\"28825c5d\" data-element_type=\"widget\" data-e-type=\"widget\" data-widget_type=\"text-editor.default\">\n\t\t\t\t<div class=\"elementor-widget-container\">\n\t\t\t\t\t\t\t\t\t<p>Gestion de projets, management des risques, evaluation et aaccompagnement.<\/p>\t\t\t\t\t\t\t\t<\/div>\n\t\t\t\t<\/div>\n\t\t\t\t\t<\/div>\n\t\t\t\t<\/div>\n\t\t\t\t\t<\/div>\n\t\t\t\t<\/div>\n\t\t<div class=\"elementor-element elementor-element-6156f65b e-flex e-con-boxed e-con e-parent\" data-id=\"6156f65b\" data-element_type=\"container\" data-e-type=\"container\">\n\t\t\t\t\t<div class=\"e-con-inner\">\n\t\t\t\t<div class=\"elementor-element elementor-element-41f7c9a8 elementor-grid-3 elementor-grid-tablet-2 elementor-grid-mobile-1 elementor-posts--thumbnail-top elementor-posts__hover-gradient elementor-widget elementor-widget-posts\" data-id=\"41f7c9a8\" data-element_type=\"widget\" data-e-type=\"widget\" data-settings=\"{&quot;cards_row_gap&quot;:{&quot;unit&quot;:&quot;px&quot;,&quot;size&quot;:80,&quot;sizes&quot;:[]},&quot;cards_row_gap_tablet&quot;:{&quot;unit&quot;:&quot;px&quot;,&quot;size&quot;:71,&quot;sizes&quot;:[]},&quot;cards_row_gap_mobile&quot;:{&quot;unit&quot;:&quot;px&quot;,&quot;size&quot;:30,&quot;sizes&quot;:[]},&quot;cards_masonry&quot;:&quot;yes&quot;,&quot;pagination_type&quot;:&quot;numbers&quot;,&quot;cards_columns&quot;:&quot;3&quot;,&quot;cards_columns_tablet&quot;:&quot;2&quot;,&quot;cards_columns_mobile&quot;:&quot;1&quot;}\" data-widget_type=\"posts.cards\">\n\t\t\t\t<div class=\"elementor-widget-container\">\n\t\t\t\t\t\t\t<div class=\"elementor-posts-container elementor-posts elementor-posts--skin-cards elementor-grid\" role=\"list\">\n\t\t\t\t<article class=\"elementor-post elementor-grid-item post-825 post type-post status-publish format-standard has-post-thumbnail hentry category-blog tag-gestion-de-projet\" role=\"listitem\">\n\t\t\t<div class=\"elementor-post__card\">\n\t\t\t\t<a class=\"elementor-post__thumbnail__link\" href=\"https:\/\/bhconsulting76.com\/index.php\/2024\/02\/27\/limportance-de-la-gestion-de-projet-garantir-la-reussite-dans-un-monde-dynamique\/\" tabindex=\"-1\" ><div class=\"elementor-post__thumbnail\"><img fetchpriority=\"high\" decoding=\"async\" width=\"2560\" height=\"1707\" src=\"https:\/\/bhconsulting76.com\/wp-content\/uploads\/2024\/02\/people-using-digital-device-while-meeting-scaled.jpg\" class=\"attachment-full size-full wp-image-186\" alt=\"\" srcset=\"https:\/\/bhconsulting76.com\/wp-content\/uploads\/2024\/02\/people-using-digital-device-while-meeting-scaled.jpg 2560w, https:\/\/bhconsulting76.com\/wp-content\/uploads\/2024\/02\/people-using-digital-device-while-meeting-300x200.jpg 300w, https:\/\/bhconsulting76.com\/wp-content\/uploads\/2024\/02\/people-using-digital-device-while-meeting-1024x683.jpg 1024w, https:\/\/bhconsulting76.com\/wp-content\/uploads\/2024\/02\/people-using-digital-device-while-meeting-768x512.jpg 768w, https:\/\/bhconsulting76.com\/wp-content\/uploads\/2024\/02\/people-using-digital-device-while-meeting-1536x1024.jpg 1536w, https:\/\/bhconsulting76.com\/wp-content\/uploads\/2024\/02\/people-using-digital-device-while-meeting-2048x1365.jpg 2048w\" sizes=\"(max-width: 2560px) 100vw, 2560px\" \/><\/div><\/a>\n\t\t\t\t<div class=\"elementor-post__badge\">Gestion de projet<\/div>\n\t\t\t\t<div class=\"elementor-post__text\">\n\t\t\t\t<h2 class=\"elementor-post__title\">\n\t\t\t<a href=\"https:\/\/bhconsulting76.com\/index.php\/2024\/02\/27\/limportance-de-la-gestion-de-projet-garantir-la-reussite-dans-un-monde-dynamique\/\" >\n\t\t\t\tL&rsquo;importance de la gestion de projet : Garantir la r\u00e9ussite dans un monde dynamique\t\t\t<\/a>\n\t\t<\/h2>\n\t\t\t\t<div class=\"elementor-post__excerpt\">\n\t\t\t<p>Titre : L&rsquo;Importance de la Gestion de Projet : Garantir<\/p>\n\t\t<\/div>\n\t\t\n\t\t<a class=\"elementor-post__read-more\" href=\"https:\/\/bhconsulting76.com\/index.php\/2024\/02\/27\/limportance-de-la-gestion-de-projet-garantir-la-reussite-dans-un-monde-dynamique\/\" aria-label=\"En savoir plus sur L&rsquo;importance de la gestion de projet : Garantir la r\u00e9ussite dans un monde dynamique\" tabindex=\"-1\" >\n\t\t\tLire plus\t\t<\/a>\n\n\t\t\t\t<\/div>\n\t\t\t\t\t<\/div>\n\t\t<\/article>\n\t\t\t\t<article class=\"elementor-post elementor-grid-item post-823 post type-post status-publish format-standard has-post-thumbnail hentry category-blog tag-gestion-de-projet\" role=\"listitem\">\n\t\t\t<div class=\"elementor-post__card\">\n\t\t\t\t<a class=\"elementor-post__thumbnail__link\" href=\"https:\/\/bhconsulting76.com\/index.php\/2024\/02\/27\/les-principes-fondamentaux-de-la-gestion-de-projet-de-la-planification-a-lexecution\/\" tabindex=\"-1\" ><div class=\"elementor-post__thumbnail\"><img decoding=\"async\" width=\"2560\" height=\"1707\" src=\"https:\/\/bhconsulting76.com\/wp-content\/uploads\/2024\/02\/colleagues-making-business-plan-meeting-scaled.jpg\" class=\"attachment-full size-full wp-image-183\" alt=\"\" srcset=\"https:\/\/bhconsulting76.com\/wp-content\/uploads\/2024\/02\/colleagues-making-business-plan-meeting-scaled.jpg 2560w, https:\/\/bhconsulting76.com\/wp-content\/uploads\/2024\/02\/colleagues-making-business-plan-meeting-300x200.jpg 300w, https:\/\/bhconsulting76.com\/wp-content\/uploads\/2024\/02\/colleagues-making-business-plan-meeting-1024x683.jpg 1024w, https:\/\/bhconsulting76.com\/wp-content\/uploads\/2024\/02\/colleagues-making-business-plan-meeting-768x512.jpg 768w, https:\/\/bhconsulting76.com\/wp-content\/uploads\/2024\/02\/colleagues-making-business-plan-meeting-1536x1024.jpg 1536w, https:\/\/bhconsulting76.com\/wp-content\/uploads\/2024\/02\/colleagues-making-business-plan-meeting-2048x1365.jpg 2048w\" sizes=\"(max-width: 2560px) 100vw, 2560px\" \/><\/div><\/a>\n\t\t\t\t<div class=\"elementor-post__badge\">Gestion de projet<\/div>\n\t\t\t\t<div class=\"elementor-post__text\">\n\t\t\t\t<h2 class=\"elementor-post__title\">\n\t\t\t<a href=\"https:\/\/bhconsulting76.com\/index.php\/2024\/02\/27\/les-principes-fondamentaux-de-la-gestion-de-projet-de-la-planification-a-lexecution\/\" >\n\t\t\t\tLes principes fondamentaux de la gestion de projet : De la planification \u00e0 l&rsquo;ex\u00e9cution\t\t\t<\/a>\n\t\t<\/h2>\n\t\t\t\t<div class=\"elementor-post__excerpt\">\n\t\t\t<p>Titre : Les Principes Fondamentaux de la Gestion de Projet<\/p>\n\t\t<\/div>\n\t\t\n\t\t<a class=\"elementor-post__read-more\" href=\"https:\/\/bhconsulting76.com\/index.php\/2024\/02\/27\/les-principes-fondamentaux-de-la-gestion-de-projet-de-la-planification-a-lexecution\/\" aria-label=\"En savoir plus sur Les principes fondamentaux de la gestion de projet : De la planification \u00e0 l&rsquo;ex\u00e9cution\" tabindex=\"-1\" >\n\t\t\tLire plus\t\t<\/a>\n\n\t\t\t\t<\/div>\n\t\t\t\t\t<\/div>\n\t\t<\/article>\n\t\t\t\t<article class=\"elementor-post elementor-grid-item post-686 post type-post status-publish format-standard has-post-thumbnail hentry category-blog tag-management\" role=\"listitem\">\n\t\t\t<div class=\"elementor-post__card\">\n\t\t\t\t<a class=\"elementor-post__thumbnail__link\" href=\"https:\/\/bhconsulting76.com\/index.php\/2024\/02\/23\/maitriser-lincertitude-les-fondements-du-management-des-risques\/\" tabindex=\"-1\" ><div class=\"elementor-post__thumbnail\"><img decoding=\"async\" width=\"2560\" height=\"1707\" src=\"https:\/\/bhconsulting76.com\/wp-content\/uploads\/2024\/02\/close-up-businessman-analyzing-statistics-while-reading-charts-office-copy-space-scaled.jpg\" class=\"attachment-full size-full wp-image-182\" alt=\"\" srcset=\"https:\/\/bhconsulting76.com\/wp-content\/uploads\/2024\/02\/close-up-businessman-analyzing-statistics-while-reading-charts-office-copy-space-scaled.jpg 2560w, https:\/\/bhconsulting76.com\/wp-content\/uploads\/2024\/02\/close-up-businessman-analyzing-statistics-while-reading-charts-office-copy-space-300x200.jpg 300w, https:\/\/bhconsulting76.com\/wp-content\/uploads\/2024\/02\/close-up-businessman-analyzing-statistics-while-reading-charts-office-copy-space-1024x683.jpg 1024w, https:\/\/bhconsulting76.com\/wp-content\/uploads\/2024\/02\/close-up-businessman-analyzing-statistics-while-reading-charts-office-copy-space-768x512.jpg 768w, https:\/\/bhconsulting76.com\/wp-content\/uploads\/2024\/02\/close-up-businessman-analyzing-statistics-while-reading-charts-office-copy-space-1536x1024.jpg 1536w, https:\/\/bhconsulting76.com\/wp-content\/uploads\/2024\/02\/close-up-businessman-analyzing-statistics-while-reading-charts-office-copy-space-2048x1365.jpg 2048w\" sizes=\"(max-width: 2560px) 100vw, 2560px\" \/><\/div><\/a>\n\t\t\t\t<div class=\"elementor-post__badge\">Management<\/div>\n\t\t\t\t<div class=\"elementor-post__text\">\n\t\t\t\t<h2 class=\"elementor-post__title\">\n\t\t\t<a href=\"https:\/\/bhconsulting76.com\/index.php\/2024\/02\/23\/maitriser-lincertitude-les-fondements-du-management-des-risques\/\" >\n\t\t\t\tMa\u00eetriser l&rsquo;incertitude : Les fondements du management des risques\t\t\t<\/a>\n\t\t<\/h2>\n\t\t\t\t<div class=\"elementor-post__excerpt\">\n\t\t\t<p>Dans le monde des affaires en perp\u00e9tuelle \u00e9volution, la capacit\u00e9<\/p>\n\t\t<\/div>\n\t\t\n\t\t<a class=\"elementor-post__read-more\" href=\"https:\/\/bhconsulting76.com\/index.php\/2024\/02\/23\/maitriser-lincertitude-les-fondements-du-management-des-risques\/\" aria-label=\"En savoir plus sur Ma\u00eetriser l&rsquo;incertitude : Les fondements du management des risques\" tabindex=\"-1\" >\n\t\t\tLire plus\t\t<\/a>\n\n\t\t\t\t<\/div>\n\t\t\t\t\t<\/div>\n\t\t<\/article>\n\t\t\t\t<\/div>\n\t\t\n\t\t\t\t\t\t<\/div>\n\t\t\t\t<\/div>\n\t\t\t\t\t<\/div>\n\t\t\t\t<\/div>\n\t\t\t\t<\/div>\n\t\t","protected":false},"excerpt":{"rendered":"<p>Blog Gestion de projets, management des risques, evaluation et aaccompagnement.<\/p>\n","protected":false},"author":1,"featured_media":0,"parent":0,"menu_order":0,"comment_status":"closed","ping_status":"closed","template":"elementor_header_footer","meta":{"footnotes":""},"class_list":["post-44","page","type-page","status-publish","hentry"],"aioseo_notices":[],"_links":{"self":[{"href":"https:\/\/bhconsulting76.com\/index.php\/wp-json\/wp\/v2\/pages\/44","targetHints":{"allow":["GET"]}}],"collection":[{"href":"https:\/\/bhconsulting76.com\/index.php\/wp-json\/wp\/v2\/pages"}],"about":[{"href":"https:\/\/bhconsulting76.com\/index.php\/wp-json\/wp\/v2\/types\/page"}],"author":[{"embeddable":true,"href":"https:\/\/bhconsulting76.com\/index.php\/wp-json\/wp\/v2\/users\/1"}],"replies":[{"embeddable":true,"href":"https:\/\/bhconsulting76.com\/index.php\/wp-json\/wp\/v2\/comments?post=44"}],"version-history":[{"count":34,"href":"https:\/\/bhconsulting76.com\/index.php\/wp-json\/wp\/v2\/pages\/44\/revisions"}],"predecessor-version":[{"id":1087,"href":"https:\/\/bhconsulting76.com\/index.php\/wp-json\/wp\/v2\/pages\/44\/revisions\/1087"}],"wp:attachment":[{"href":"https:\/\/bhconsulting76.com\/index.php\/wp-json\/wp\/v2\/media?parent=44"}],"curies":[{"name":"wp","href":"https:\/\/api.w.org\/{rel}","templated":true}]}}